{"id":6422,"date":"2025-07-04T10:49:49","date_gmt":"2025-07-04T08:49:49","guid":{"rendered":"https:\/\/premiosaepev.es\/a-propos\/"},"modified":"2025-10-04T16:54:40","modified_gmt":"2025-10-04T14:54:40","slug":"a-propos","status":"publish","type":"page","link":"https:\/\/premiosaepev.es\/fr\/a-propos\/","title":{"rendered":"\u00c0 propos"},"content":{"rendered":"\t\t<div data-elementor-type=\"wp-post\" data-elementor-id=\"6422\" class=\"elementor elementor-6422 elementor-1464\" data-elementor-post-type=\"page\">\n\t\t\t\t<div data-particle_enable=\"false\" data-particle-mobile-disabled=\"false\" class=\"elementor-element elementor-element-f0b3181 e-flex e-con-boxed elementor-invisible e-con e-parent\" data-id=\"f0b3181\" data-element_type=\"container\" data-e-type=\"container\" data-settings=\"{&quot;background_background&quot;:&quot;classic&quot;,&quot;animation&quot;:&quot;fadeIn&quot;}\">\n\t\t\t\t\t<div class=\"e-con-inner\">\n\t\t<div data-particle_enable=\"false\" data-particle-mobile-disabled=\"false\" class=\"elementor-element elementor-element-b17abf7 e-con-full e-flex e-con e-child\" data-id=\"b17abf7\" data-element_type=\"container\" data-e-type=\"container\">\n\t\t\t\t<div class=\"elementor-element elementor-element-6878345 elementor-widget elementor-widget-heading\" data-id=\"6878345\" data-element_type=\"widget\" data-e-type=\"widget\" data-widget_type=\"heading.default\">\n\t\t\t\t<div class=\"elementor-widget-container\">\n\t\t\t\t\t<h1 class=\"elementor-heading-title elementor-size-default\">\u00c0 propos<\/h1>\t\t\t\t<\/div>\n\t\t\t\t<\/div>\n\t\t\t\t<\/div>\n\t\t\t\t\t<\/div>\n\t\t\t\t<\/div>\n\t\t<div data-particle_enable=\"false\" data-particle-mobile-disabled=\"false\" class=\"elementor-element elementor-element-57d9e8f animated-slow e-flex e-con-boxed elementor-invisible e-con e-parent\" data-id=\"57d9e8f\" data-element_type=\"container\" data-e-type=\"container\" data-settings=\"{&quot;background_background&quot;:&quot;classic&quot;,&quot;animation&quot;:&quot;fadeInUp&quot;}\">\n\t\t\t\t\t<div class=\"e-con-inner\">\n\t\t<div data-particle_enable=\"false\" data-particle-mobile-disabled=\"false\" class=\"elementor-element elementor-element-ec79a3e e-con-full e-flex e-con e-child\" data-id=\"ec79a3e\" data-element_type=\"container\" data-e-type=\"container\">\n\t\t\t\t<div class=\"elementor-element elementor-element-eb29fec elementor-widget elementor-widget-heading\" data-id=\"eb29fec\" data-element_type=\"widget\" data-e-type=\"widget\" data-widget_type=\"heading.default\">\n\t\t\t\t<div class=\"elementor-widget-container\">\n\t\t\t\t\t<h2 class=\"elementor-heading-title elementor-size-default\">La AEPEV<\/h2>\t\t\t\t<\/div>\n\t\t\t\t<\/div>\n\t\t\t\t<div class=\"elementor-element elementor-element-6471804 elementor-widget elementor-widget-text-editor\" data-id=\"6471804\" data-element_type=\"widget\" data-e-type=\"widget\" data-widget_type=\"text-editor.default\">\n\t\t\t\t<div class=\"elementor-widget-container\">\n\t\t\t\t\t\t\t\t\t<p>L\u2019Association Espagnole des Journalistes et \u00c9crivains du Vin et des Spiritueux (AEPEV) est une organisation compos\u00e9e de journalistes, communicateurs, \u00e9diteurs et \u00e9crivains du vin, unis par la passion pour le vin, la vigne et l\u2019industrie vitivinicole et des spiritueux, \u00e0 laquelle nous consacrons une partie de notre temps, que ce soit comme activit\u00e9 professionnelle principale ou partielle, dans l\u2019exercice du journalisme, de la critique, de l\u2019\u00e9criture technique ou descriptive dans l\u2019une des multiples facettes que nous offre le monde du vin.<\/p><p>Fond\u00e9e en 1992 par quelques journalistes c\u00e9l\u00e8bres, l\u2019AEPEV compte aujourd\u2019hui 180 membres, ce qui en fait la plus grande organisation professionnelle de journalistes sp\u00e9cialis\u00e9s dans le vin et les spiritueux. Membre de la FAPE, F\u00e9d\u00e9ration des Associations de la Presse d\u2019Espagne, et depuis 1997, membre de la FIJEV, F\u00e9d\u00e9ration Internationale des Journalistes et \u00c9crivains du Vin. <\/p>\t\t\t\t\t\t\t\t<\/div>\n\t\t\t\t<\/div>\n\t\t\t\t<\/div>\n\t\t<div data-particle_enable=\"false\" data-particle-mobile-disabled=\"false\" class=\"elementor-element elementor-element-3e918ec e-con-full e-flex e-con e-child\" data-id=\"3e918ec\" data-element_type=\"container\" data-e-type=\"container\">\n\t\t\t\t<div class=\"elementor-element elementor-element-15d6077 elementor-widget elementor-widget-image\" data-id=\"15d6077\" data-element_type=\"widget\" data-e-type=\"widget\" data-widget_type=\"image.default\">\n\t\t\t\t<div class=\"elementor-widget-container\">\n\t\t\t\t\t\t\t\t\t\t\t\t\t\t\t<img fetchpriority=\"high\" decoding=\"async\" width=\"353\" height=\"327\" src=\"https:\/\/premiosaepev.es\/wp-content\/uploads\/2025\/07\/Logo-color-sin-textos.jpg\" class=\"attachment-full size-full wp-image-2643\" alt=\"logo aepev\" srcset=\"https:\/\/premiosaepev.es\/wp-content\/uploads\/2025\/07\/Logo-color-sin-textos.jpg 353w, https:\/\/premiosaepev.es\/wp-content\/uploads\/2025\/07\/Logo-color-sin-textos-300x278.jpg 300w, https:\/\/premiosaepev.es\/wp-content\/uploads\/2025\/07\/Logo-color-sin-textos-140x130.jpg 140w\" sizes=\"(max-width: 353px) 100vw, 353px\" \/>\t\t\t\t\t\t\t\t\t\t\t\t\t\t\t<\/div>\n\t\t\t\t<\/div>\n\t\t\t\t<\/div>\n\t\t\t\t\t<\/div>\n\t\t\t\t<\/div>\n\t\t<div data-particle_enable=\"false\" data-particle-mobile-disabled=\"false\" class=\"elementor-element elementor-element-1234a18 e-flex e-con-boxed e-con e-parent\" data-id=\"1234a18\" data-element_type=\"container\" data-e-type=\"container\" data-settings=\"{&quot;background_background&quot;:&quot;classic&quot;}\">\n\t\t\t\t\t<div class=\"e-con-inner\">\n\t\t<div data-particle_enable=\"false\" data-particle-mobile-disabled=\"false\" class=\"elementor-element elementor-element-88b9f5f e-flex e-con-boxed e-con e-child\" data-id=\"88b9f5f\" data-element_type=\"container\" data-e-type=\"container\">\n\t\t\t\t\t<div class=\"e-con-inner\">\n\t\t\t\t<div class=\"elementor-element elementor-element-b7194c5 elementor-widget elementor-widget-heading\" data-id=\"b7194c5\" data-element_type=\"widget\" data-e-type=\"widget\" data-widget_type=\"heading.default\">\n\t\t\t\t<div class=\"elementor-widget-container\">\n\t\t\t\t\t<h2 class=\"elementor-heading-title elementor-size-default\">CODHIVI<\/h2>\t\t\t\t<\/div>\n\t\t\t\t<\/div>\n\t\t\t\t<div class=\"elementor-element elementor-element-b4e506c elementor-widget elementor-widget-text-editor\" data-id=\"b4e506c\" data-element_type=\"widget\" data-e-type=\"widget\" data-widget_type=\"text-editor.default\">\n\t\t\t\t<div class=\"elementor-widget-container\">\n\t\t\t\t\t\t\t\t\t<p>En 2020 est cr\u00e9\u00e9e la CODHIVI (Communaut\u00e9 Digitale Hispanophone du Vin), dans le but d\u2019inclure des communicateurs digitaux de diff\u00e9rents pays hispanophones et de relayer le travail de ceux qui \u0153uvrent r\u00e9guli\u00e8rement dans les m\u00e9dias num\u00e9riques.<\/p>\t\t\t\t\t\t\t\t<\/div>\n\t\t\t\t<\/div>\n\t\t\t\t\t<\/div>\n\t\t\t\t<\/div>\n\t\t\t\t\t<\/div>\n\t\t\t\t<\/div>\n\t\t<div data-particle_enable=\"false\" data-particle-mobile-disabled=\"false\" class=\"elementor-element elementor-element-b3cc627 e-flex e-con-boxed e-con e-parent\" data-id=\"b3cc627\" data-element_type=\"container\" data-e-type=\"container\" data-settings=\"{&quot;background_background&quot;:&quot;gradient&quot;}\">\n\t\t\t\t\t<div class=\"e-con-inner\">\n\t\t\t\t<div class=\"elementor-element elementor-element-099f6ca elementor-headline--style-highlight elementor-widget elementor-widget-animated-headline\" data-id=\"099f6ca\" data-element_type=\"widget\" data-e-type=\"widget\" data-settings=\"{&quot;marker&quot;:&quot;double_underline&quot;,&quot;highlighted_text&quot;:&quot;Objectif&quot;,&quot;headline_style&quot;:&quot;highlight&quot;,&quot;loop&quot;:&quot;yes&quot;,&quot;highlight_animation_duration&quot;:1200,&quot;highlight_iteration_delay&quot;:8000}\" data-widget_type=\"animated-headline.default\">\n\t\t\t\t<div class=\"elementor-widget-container\">\n\t\t\t\t\t\t\t<h3 class=\"elementor-headline\">\n\t\t\t\t\t<span class=\"elementor-headline-plain-text elementor-headline-text-wrapper\">Voici notre<\/span>\n\t\t\t\t<span class=\"elementor-headline-dynamic-wrapper elementor-headline-text-wrapper\">\n\t\t\t\t\t<span class=\"elementor-headline-dynamic-text elementor-headline-text-active\">Objectif<\/span>\n\t\t\t\t<\/span>\n\t\t\t\t<\/h3>\n\t\t\t\t\t\t<\/div>\n\t\t\t\t<\/div>\n\t\t\t\t\t<\/div>\n\t\t\t\t<\/div>\n\t\t<div data-particle_enable=\"false\" data-particle-mobile-disabled=\"false\" class=\"elementor-element elementor-element-afb5a31 e-flex e-con-boxed e-con e-parent\" data-id=\"afb5a31\" data-element_type=\"container\" data-e-type=\"container\">\n\t\t\t\t\t<div class=\"e-con-inner\">\n\t\t\t\t<div class=\"elementor-element elementor-element-1f1d2c0 elementor-widget elementor-widget-text-editor\" data-id=\"1f1d2c0\" data-element_type=\"widget\" data-e-type=\"widget\" data-widget_type=\"text-editor.default\">\n\t\t\t\t<div class=\"elementor-widget-container\">\n\t\t\t\t\t\t\t\t\t<p style=\"text-align: left;\">Sans aucun doute, notre vocation est de faire parvenir la parole du vin et des spirituex au grand public.<\/p><p style=\"text-align: left;\">Notre objectif final est constitu\u00e9 par les citoyens d\u00e9sireux d\u2019en savoir plus sur le vin et les spiritueux. Notre collectif est extr\u00eamement attentif \u00e0 la v\u00e9racit\u00e9 de ses informations et, \u00e0 cette fin, s\u2019engage \u00e0 respecter un CODE D\u2019AUTOR\u00c9GULATION qui garantit notre objectif principal.<\/p><p style=\"text-align: left;\">Conscients que chaque consommateur poss\u00e8de un palais diff\u00e9rent et qu\u2019il reconna\u00eet, selon sa culture, des qualit\u00e9s distinctes de celles per\u00e7ues par d\u2019autres amateurs de vin, nous consid\u00e9rons que r\u00e9unir dans ce concours PWC les principaux prescripteurs du secteur, qui d\u00e9gustent depuis des ann\u00e9es quotidiennement vins et spiritueux, constitue la meilleure option pour garantir et valoriser les r\u00e9sultats du concours.<\/p>\t\t\t\t\t\t\t\t<\/div>\n\t\t\t\t<\/div>\n\t\t\t\t<div class=\"elementor-element elementor-element-8b67ed9 uael-heading-align-center elementor-widget elementor-widget-uael-advanced-heading\" data-id=\"8b67ed9\" data-element_type=\"widget\" data-e-type=\"widget\" data-widget_type=\"uael-advanced-heading.default\">\n\t\t\t\t<div class=\"elementor-widget-container\">\n\t\t\t\t\t\n\t\t<div class=\"uael-module-content uael-heading-wrapper\">\n\t\t\t\t\t\t<div class=\"uael-module-content uael-separator-parent\">\n\t\t\t\t\t\t\t\t<div class=\"uael-separator-wrap\">\n\t\t\t\t\t<div class=\"uael-separator-line uael-side-left\">\n\t\t\t\t\t\t<span><\/span>\n\t\t\t\t\t<\/div>\n\t\t\t\t\t<div class=\"uael-divider-content\">\n\t\t\t\t\t\t\t\t\t<div class=\"uael-module-content uael-imgicon-wrap elementor-animation-\">\t\t\t\t\t\t\t\t\t\t\t\t\t\t\t<div class=\"uael-icon-wrap\">\n\t\t\t\t\t\t\t\t<span class=\"uael-icon\">\n\t\t\t\t\t\t\t\t\t<i aria-hidden=\"true\" class=\"fa fa-star\"><\/i>\n\t\t\t\t\t\t\t\t<\/span>\n\t\t\t\t\t\t\t<\/div>\n\t\t\t\t\t\t\t\n\t\t\t\t\t\t\t\t\t\t\t<\/div>\n\t\t\t\t\t\t\t\t\t\n\t\t\t\t\t<\/div>\n\t\t\t\t\t<div class=\"uael-separator-line uael-side-right\">\n\t\t\t\t\t\t<span><\/span>\n\t\t\t\t\t<\/div>\n\t\t\t\t<\/div>\n\t\t\t\t\t\t\t\t\t\t<\/div>\n\t\t\t\t\t\t\n\t\t\t<h4 class=\"uael-heading\">\n\t\t\t\t\t\t\t\t\t\t<span class=\"uael-heading-text elementor-inline-editing uael-size--default\" data-elementor-setting-key=\"heading_title\" data-elementor-inline-editing-toolbar=\"basic\">UN R\u00c9SULTAT QUI AIDERA \u00c0 VENDRE PLUS ET SURTOUT MIEUX<\/span>\n\t\t\t\t\t\t\t<\/h4>\n\n\t\t\t\n\t\t\t\n\t\t\t\n\t\t\t\t\t\t<\/div>\n\t\t\t\t\t\t<\/div>\n\t\t\t\t<\/div>\n\t\t\t\t\t<\/div>\n\t\t\t\t<\/div>\n\t\t\t\t<\/div>\n\t\t","protected":false},"excerpt":{"rendered":"<p>\u00c0 propos La AEPEV L\u2019Association Espagnole des Journalistes et \u00c9crivains du Vin et des Spiritueux (AEPEV) est une organisation compos\u00e9e de journalistes, communicateurs, \u00e9diteurs et \u00e9crivains du vin, unis par la passion pour le vin, la vigne et l\u2019industrie vitivinicole et des spiritueux, \u00e0 laquelle nous consacrons une partie de notre temps, que ce soit [&hellip;]<\/p>\n","protected":false},"author":47,"featured_media":0,"parent":0,"menu_order":0,"comment_status":"closed","ping_status":"closed","template":"","meta":{"site-sidebar-layout":"no-sidebar","site-content-layout":"page-builder","ast-site-content-layout":"full-width-container","site-content-style":"unboxed","site-sidebar-style":"unboxed","ast-global-header-display":"","ast-banner-title-visibility":"","ast-main-header-display":"","ast-hfb-above-header-display":"","ast-hfb-below-header-display":"","ast-hfb-mobile-header-display":"","site-post-title":"disabled","ast-breadcrumbs-content":"","ast-featured-img":"disabled","footer-sml-layout":"","ast-disable-related-posts":"","theme-transparent-header-meta":"enabled","adv-header-id-meta":"","stick-header-meta":"","header-above-stick-meta":"","header-main-stick-meta":"","header-below-stick-meta":"","astra-migrate-meta-layouts":"default","ast-page-background-enabled":"default","ast-page-background-meta":{"desktop":{"background-color":"","background-image":"","background-repeat":"repeat","background-position":"center center","background-size":"auto","background-attachment":"scroll","background-type":"","background-media":"","overlay-type":"","overlay-color":"","overlay-opacity":"","overlay-gradient":""},"tablet":{"background-color":"","background-image":"","background-repeat":"repeat","background-position":"center center","background-size":"auto","background-attachment":"scroll","background-type":"","background-media":"","overlay-type":"","overlay-color":"","overlay-opacity":"","overlay-gradient":""},"mobile":{"background-color":"","background-image":"","background-repeat":"repeat","background-position":"center center","background-size":"auto","background-attachment":"scroll","background-type":"","background-media":"","overlay-type":"","overlay-color":"","overlay-opacity":"","overlay-gradient":""}},"ast-content-background-meta":{"desktop":{"background-color":"var(--ast-global-color-5)","background-image":"","background-repeat":"repeat","background-position":"center center","background-size":"auto","background-attachment":"scroll","background-type":"","background-media":"","overlay-type":"","overlay-color":"","overlay-opacity":"","overlay-gradient":""},"tablet":{"background-color":"var(--ast-global-color-5)","background-image":"","background-repeat":"repeat","background-position":"center center","background-size":"auto","background-attachment":"scroll","background-type":"","background-media":"","overlay-type":"","overlay-color":"","overlay-opacity":"","overlay-gradient":""},"mobile":{"background-color":"var(--ast-global-color-5)","background-image":"","background-repeat":"repeat","background-position":"center center","background-size":"auto","background-attachment":"scroll","background-type":"","background-media":"","overlay-type":"","overlay-color":"","overlay-opacity":"","overlay-gradient":""}},"footnotes":""},"class_list":["post-6422","page","type-page","status-publish","hentry"],"yoast_head":"<!-- This site is optimized with the Yoast SEO Premium plugin v25.5 (Yoast SEO v27.5) - https:\/\/yoast.com\/product\/yoast-seo-premium-wordpress\/ -->\n<title>\u00c0 propos - Premios AEPEV<\/title>\n<meta name=\"robots\" content=\"index, follow, max-snippet:-1, max-image-preview:large, max-video-preview:-1\" \/>\n<link rel=\"canonical\" href=\"https:\/\/premiosaepev.es\/fr\/a-propos\/\" \/>\n<meta property=\"og:locale\" content=\"fr_FR\" \/>\n<meta property=\"og:type\" content=\"article\" \/>\n<meta property=\"og:title\" content=\"\u00c0 propos\" \/>\n<meta property=\"og:description\" content=\"\u00c0 propos La AEPEV L\u2019Association Espagnole des Journalistes et \u00c9crivains du Vin et des Spiritueux (AEPEV) est une organisation compos\u00e9e de journalistes, communicateurs, \u00e9diteurs et \u00e9crivains du vin, unis par la passion pour le vin, la vigne et l\u2019industrie vitivinicole et des spiritueux, \u00e0 laquelle nous consacrons une partie de notre temps, que ce soit [&hellip;]\" \/>\n<meta property=\"og:url\" content=\"https:\/\/premiosaepev.es\/fr\/a-propos\/\" \/>\n<meta property=\"og:site_name\" content=\"Premios AEPEV\" \/>\n<meta property=\"article:modified_time\" content=\"2025-10-04T14:54:40+00:00\" \/>\n<meta property=\"og:image\" content=\"https:\/\/premiosaepev.es\/wp-content\/uploads\/2025\/07\/Logo-color-sin-textos.jpg\" \/>\n\t<meta property=\"og:image:width\" content=\"353\" \/>\n\t<meta property=\"og:image:height\" content=\"327\" \/>\n\t<meta property=\"og:image:type\" content=\"image\/jpeg\" \/>\n<meta name=\"twitter:card\" content=\"summary_large_image\" \/>\n<meta name=\"twitter:label1\" content=\"Dur\u00e9e de lecture estim\u00e9e\" \/>\n\t<meta name=\"twitter:data1\" content=\"2 minutes\" \/>\n<script type=\"application\/ld+json\" class=\"yoast-schema-graph\">{\"@context\":\"https:\\\/\\\/schema.org\",\"@graph\":[{\"@type\":\"WebPage\",\"@id\":\"https:\\\/\\\/premiosaepev.es\\\/fr\\\/a-propos\\\/\",\"url\":\"https:\\\/\\\/premiosaepev.es\\\/fr\\\/a-propos\\\/\",\"name\":\"\u00c0 propos - Premios AEPEV\",\"isPartOf\":{\"@id\":\"https:\\\/\\\/premiosaepev.es\\\/fr\\\/#website\"},\"primaryImageOfPage\":{\"@id\":\"https:\\\/\\\/premiosaepev.es\\\/fr\\\/a-propos\\\/#primaryimage\"},\"image\":{\"@id\":\"https:\\\/\\\/premiosaepev.es\\\/fr\\\/a-propos\\\/#primaryimage\"},\"thumbnailUrl\":\"https:\\\/\\\/premiosaepev.es\\\/wp-content\\\/uploads\\\/2025\\\/07\\\/Logo-color-sin-textos.jpg\",\"datePublished\":\"2025-07-04T08:49:49+00:00\",\"dateModified\":\"2025-10-04T14:54:40+00:00\",\"breadcrumb\":{\"@id\":\"https:\\\/\\\/premiosaepev.es\\\/fr\\\/a-propos\\\/#breadcrumb\"},\"inLanguage\":\"fr-FR\",\"potentialAction\":[{\"@type\":\"ReadAction\",\"target\":[\"https:\\\/\\\/premiosaepev.es\\\/fr\\\/a-propos\\\/\"]}]},{\"@type\":\"ImageObject\",\"inLanguage\":\"fr-FR\",\"@id\":\"https:\\\/\\\/premiosaepev.es\\\/fr\\\/a-propos\\\/#primaryimage\",\"url\":\"https:\\\/\\\/premiosaepev.es\\\/wp-content\\\/uploads\\\/2025\\\/07\\\/Logo-color-sin-textos.jpg\",\"contentUrl\":\"https:\\\/\\\/premiosaepev.es\\\/wp-content\\\/uploads\\\/2025\\\/07\\\/Logo-color-sin-textos.jpg\"},{\"@type\":\"BreadcrumbList\",\"@id\":\"https:\\\/\\\/premiosaepev.es\\\/fr\\\/a-propos\\\/#breadcrumb\",\"itemListElement\":[{\"@type\":\"ListItem\",\"position\":1,\"name\":\"Portada\",\"item\":\"https:\\\/\\\/premiosaepev.es\\\/fr\\\/accueil\\\/\"},{\"@type\":\"ListItem\",\"position\":2,\"name\":\"\u00c0 propos\"}]},{\"@type\":\"WebSite\",\"@id\":\"https:\\\/\\\/premiosaepev.es\\\/fr\\\/#website\",\"url\":\"https:\\\/\\\/premiosaepev.es\\\/fr\\\/\",\"name\":\"Premios AEPEV\",\"description\":\"Premios AEPEV\",\"potentialAction\":[{\"@type\":\"SearchAction\",\"target\":{\"@type\":\"EntryPoint\",\"urlTemplate\":\"https:\\\/\\\/premiosaepev.es\\\/fr\\\/?s={search_term_string}\"},\"query-input\":{\"@type\":\"PropertyValueSpecification\",\"valueRequired\":true,\"valueName\":\"search_term_string\"}}],\"inLanguage\":\"fr-FR\"}]}<\/script>\n<!-- \/ Yoast SEO Premium plugin. -->","yoast_head_json":{"title":"\u00c0 propos - Premios AEPEV","robots":{"index":"index","follow":"follow","max-snippet":"max-snippet:-1","max-image-preview":"max-image-preview:large","max-video-preview":"max-video-preview:-1"},"canonical":"https:\/\/premiosaepev.es\/fr\/a-propos\/","og_locale":"fr_FR","og_type":"article","og_title":"\u00c0 propos","og_description":"\u00c0 propos La AEPEV L\u2019Association Espagnole des Journalistes et \u00c9crivains du Vin et des Spiritueux (AEPEV) est une organisation compos\u00e9e de journalistes, communicateurs, \u00e9diteurs et \u00e9crivains du vin, unis par la passion pour le vin, la vigne et l\u2019industrie vitivinicole et des spiritueux, \u00e0 laquelle nous consacrons une partie de notre temps, que ce soit [&hellip;]","og_url":"https:\/\/premiosaepev.es\/fr\/a-propos\/","og_site_name":"Premios AEPEV","article_modified_time":"2025-10-04T14:54:40+00:00","og_image":[{"width":353,"height":327,"url":"https:\/\/premiosaepev.es\/wp-content\/uploads\/2025\/07\/Logo-color-sin-textos.jpg","type":"image\/jpeg"}],"twitter_card":"summary_large_image","twitter_misc":{"Dur\u00e9e de lecture estim\u00e9e":"2 minutes"},"schema":{"@context":"https:\/\/schema.org","@graph":[{"@type":"WebPage","@id":"https:\/\/premiosaepev.es\/fr\/a-propos\/","url":"https:\/\/premiosaepev.es\/fr\/a-propos\/","name":"\u00c0 propos - Premios AEPEV","isPartOf":{"@id":"https:\/\/premiosaepev.es\/fr\/#website"},"primaryImageOfPage":{"@id":"https:\/\/premiosaepev.es\/fr\/a-propos\/#primaryimage"},"image":{"@id":"https:\/\/premiosaepev.es\/fr\/a-propos\/#primaryimage"},"thumbnailUrl":"https:\/\/premiosaepev.es\/wp-content\/uploads\/2025\/07\/Logo-color-sin-textos.jpg","datePublished":"2025-07-04T08:49:49+00:00","dateModified":"2025-10-04T14:54:40+00:00","breadcrumb":{"@id":"https:\/\/premiosaepev.es\/fr\/a-propos\/#breadcrumb"},"inLanguage":"fr-FR","potentialAction":[{"@type":"ReadAction","target":["https:\/\/premiosaepev.es\/fr\/a-propos\/"]}]},{"@type":"ImageObject","inLanguage":"fr-FR","@id":"https:\/\/premiosaepev.es\/fr\/a-propos\/#primaryimage","url":"https:\/\/premiosaepev.es\/wp-content\/uploads\/2025\/07\/Logo-color-sin-textos.jpg","contentUrl":"https:\/\/premiosaepev.es\/wp-content\/uploads\/2025\/07\/Logo-color-sin-textos.jpg"},{"@type":"BreadcrumbList","@id":"https:\/\/premiosaepev.es\/fr\/a-propos\/#breadcrumb","itemListElement":[{"@type":"ListItem","position":1,"name":"Portada","item":"https:\/\/premiosaepev.es\/fr\/accueil\/"},{"@type":"ListItem","position":2,"name":"\u00c0 propos"}]},{"@type":"WebSite","@id":"https:\/\/premiosaepev.es\/fr\/#website","url":"https:\/\/premiosaepev.es\/fr\/","name":"Premios AEPEV","description":"Premios AEPEV","potentialAction":[{"@type":"SearchAction","target":{"@type":"EntryPoint","urlTemplate":"https:\/\/premiosaepev.es\/fr\/?s={search_term_string}"},"query-input":{"@type":"PropertyValueSpecification","valueRequired":true,"valueName":"search_term_string"}}],"inLanguage":"fr-FR"}]}},"jetpack_sharing_enabled":true,"_links":{"self":[{"href":"https:\/\/premiosaepev.es\/fr\/wp-json\/wp\/v2\/pages\/6422","targetHints":{"allow":["GET"]}}],"collection":[{"href":"https:\/\/premiosaepev.es\/fr\/wp-json\/wp\/v2\/pages"}],"about":[{"href":"https:\/\/premiosaepev.es\/fr\/wp-json\/wp\/v2\/types\/page"}],"author":[{"embeddable":true,"href":"https:\/\/premiosaepev.es\/fr\/wp-json\/wp\/v2\/users\/47"}],"replies":[{"embeddable":true,"href":"https:\/\/premiosaepev.es\/fr\/wp-json\/wp\/v2\/comments?post=6422"}],"version-history":[{"count":1,"href":"https:\/\/premiosaepev.es\/fr\/wp-json\/wp\/v2\/pages\/6422\/revisions"}],"predecessor-version":[{"id":6426,"href":"https:\/\/premiosaepev.es\/fr\/wp-json\/wp\/v2\/pages\/6422\/revisions\/6426"}],"wp:attachment":[{"href":"https:\/\/premiosaepev.es\/fr\/wp-json\/wp\/v2\/media?parent=6422"}],"curies":[{"name":"wp","href":"https:\/\/api.w.org\/{rel}","templated":true}]}}