{"id":6714,"date":"2025-07-17T10:29:57","date_gmt":"2025-07-17T08:29:57","guid":{"rendered":"https:\/\/premiosaepev.es\/politique-de-cookies\/"},"modified":"2025-09-28T12:52:18","modified_gmt":"2025-09-28T10:52:18","slug":"politique-de-cookies","status":"publish","type":"page","link":"https:\/\/premiosaepev.es\/fr\/politique-de-cookies\/","title":{"rendered":"Politique de cookies"},"content":{"rendered":"\t\t<div data-elementor-type=\"wp-post\" data-elementor-id=\"6714\" class=\"elementor elementor-6714 elementor-3599\" data-elementor-post-type=\"page\">\n\t\t\t\t<div data-particle_enable=\"false\" data-particle-mobile-disabled=\"false\" class=\"elementor-element elementor-element-9e34934 e-flex e-con-boxed elementor-invisible e-con e-parent\" data-id=\"9e34934\" data-element_type=\"container\" data-e-type=\"container\" data-settings=\"{&quot;background_background&quot;:&quot;classic&quot;,&quot;animation&quot;:&quot;fadeIn&quot;}\">\n\t\t\t\t\t<div class=\"e-con-inner\">\n\t\t<div data-particle_enable=\"false\" data-particle-mobile-disabled=\"false\" class=\"elementor-element elementor-element-77140b5 e-con-full e-flex e-con e-child\" data-id=\"77140b5\" data-element_type=\"container\" data-e-type=\"container\">\n\t\t\t\t<div class=\"elementor-element elementor-element-5c922f6 elementor-widget elementor-widget-heading\" data-id=\"5c922f6\" data-element_type=\"widget\" data-e-type=\"widget\" data-widget_type=\"heading.default\">\n\t\t\t\t<div class=\"elementor-widget-container\">\n\t\t\t\t\t<h1 class=\"elementor-heading-title elementor-size-default\">Politique de cookies<\/h1>\t\t\t\t<\/div>\n\t\t\t\t<\/div>\n\t\t\t\t<\/div>\n\t\t\t\t\t<\/div>\n\t\t\t\t<\/div>\n\t\t<div data-particle_enable=\"false\" data-particle-mobile-disabled=\"false\" class=\"elementor-element elementor-element-51fe40d e-flex e-con-boxed e-con e-parent\" data-id=\"51fe40d\" data-element_type=\"container\" data-e-type=\"container\" data-settings=\"{&quot;background_background&quot;:&quot;classic&quot;}\">\n\t\t\t\t\t<div class=\"e-con-inner\">\n\t\t<div data-particle_enable=\"false\" data-particle-mobile-disabled=\"false\" class=\"elementor-element elementor-element-a304911 e-con-full e-flex e-con e-child\" data-id=\"a304911\" data-element_type=\"container\" data-e-type=\"container\" data-settings=\"{&quot;background_background&quot;:&quot;classic&quot;}\">\n\t\t\t\t<div class=\"elementor-element elementor-element-b9e6e24 elementor-widget elementor-widget-text-editor\" data-id=\"b9e6e24\" data-element_type=\"widget\" data-e-type=\"widget\" data-widget_type=\"text-editor.default\">\n\t\t\t\t<div class=\"elementor-widget-container\">\n\t\t\t\t\t\t\t\t\t<h1>Politique de cookies<\/h1>\n<p><strong>Derni\u00e8re actualisation:<\/strong> 17 juillet 2025<\/p>\n\n<p>Conform\u00e9ment au devoir d\u2019information pr\u00e9vu \u00e0 l\u2019article 22.2 de la Loi 34\/2002 sur les Services de la Soci\u00e9t\u00e9 de l\u2019Information et du Commerce \u00c9lectronique (LSSI-CE), les utilisateurs du site web <strong>www.premiosaepev.es<\/strong> sont inform\u00e9s de l\u2019utilisation de cookies.<\/p>\n\n<h2>1. Que sont les cookies?<\/h2>\n<p>Les cookies sont de petits fichiers texte qui sont stock\u00e9s sur votre appareil (ordinateur, smartphone, tablette, etc.) lorsque vous visitez un site web. Leur fonction est de reconna\u00eetre votre navigateur, de conserver des informations sur votre visite et de faciliter votre navigation future <\/p>\n\n<h2>2. Types de cookies utilis\u00e9s<\/h2>\n<p>Ce site web utilise les types de cookies suivants :<\/p>\n<ul>\n  <li><strong> Cookies techniques<\/strong>: Elles sont n\u00e9cessaires au bon fonctionnement du site web. Elles permettent, par exemple, de contr\u00f4ler le trafic et la communication des donn\u00e9es, d\u2019identifier la session, d\u2019acc\u00e9der \u00e0 des zones restreintes ou de formuler des requ\u00eates. <\/li>\n  <li><strong> Cookies de personnalisation<\/strong>: Elles permettent \u00e0 l\u2019utilisateur d\u2019acc\u00e9der au service avec des caract\u00e9ristiques pr\u00e9d\u00e9finies (langue, type de navigateur, etc.)<\/li>\n  <li><strong>Cookies d\u2019analyse :<\/strong> Elles nous permettent de quantifier le nombre d\u2019utilisateurs et de r\u00e9aliser des mesures et analyses statistiques de l\u2019utilisation du site, dans le but d\u2019am\u00e9liorer l\u2019exp\u00e9rience de navigation. Ces cookies peuvent \u00eatre fournis par des tiers tels que Google Analytics. <\/li>\n  <li><strong>Cookies de tiers : <\/strong>Certaines fonctionnalit\u00e9s du site peuvent utiliser des services tiers qui installent leurs propres cookies (par exemple, boutons de r\u00e9seaux sociaux, vid\u00e9os int\u00e9gr\u00e9es, cartes, etc.).<\/li>\n<\/ul>\n\n<h2>3. \u00bfC\u00f3mo puedes gestionar tus cookies?<\/h2>\n<p>Lors de votre premi\u00e8re visite sur notre site web, un avis relatif aux cookies s\u2019affichera avec des options pour accepter, refuser ou configurer leur utilisation<\/p>\n<p>Vous pouvez \u00e0 tout moment param\u00e9trer ou d\u00e9sactiver les cookies \u00e0 partir de votre navigateur :<\/p>\n<ul>\n  <li><a href=\"https:\/\/support.google.com\/chrome\/answer\/95647?hl=es\" target=\"_blank\">Google Chrome<\/a><\/li>\n  <li><a href=\"https:\/\/support.mozilla.org\/es\/kb\/habilitar-y-deshabilitar-cookies-sitios-web\" target=\"_blank\">Mozilla Firefox<\/a><\/li>\n  <li><a href=\"https:\/\/support.apple.com\/es-es\/guide\/safari\/sfri11471\/mac\" target=\"_blank\">Safari<\/a><\/li>\n  <li><a href=\"https:\/\/support.microsoft.com\/es-es\/topic\/eliminar-cookies-en-microsoft-edge-63947406-40ac-c3b8-57b9-2a946a29ae09\" target=\"_blank\">Microsoft Edge<\/a><\/li>\n<\/ul>\n<p>Veuillez noter que la d\u00e9sactivation de certains cookies peut affecter le bon fonctionnement du site web<\/p>\n\n<h2>4. Cookies utilis\u00e9s sur ce site<\/h2>\n<p>Le site<strong> www.premiosaepev.es<\/strong> peut utiliser les cookies suivantes :<\/p>\n\n<table style=\"border-collapse: collapse; width: 100%;\" border=\"1\" cellpadding=\"5\">\n  <thead>\n    <tr>\n      <th>Nom<\/th>\n<th>Type<\/th>\n<th>Finalit\u00e9<\/th>\n<th>Dur\u00e9e<\/th>\n<th>Fournisseur<\/th>\n    <\/tr>\n  <\/thead>\n  <tbody>\n    <tr>\n      <td>_ga<\/td>\n<td>Anal\u00edtica<\/td>\n<td>On l&#8217;utilise pour distinguer les usagers<\/td>\n<td>2 ans<\/td>\n<td>Google<\/td>\n    <\/tr>\n    <tr>\n      <td>_gid<\/td>\n<td>Analytique<\/td>\n<td>On l&#8217;utilise pour distinguer les usagers<\/td>\n<td>24 heures<\/td>\n<td>Google<\/td>\n    <\/tr>\n    <tr>\n      <td>cookie_notice_accepted<\/td>\n<td>Technique<\/td>\n<td>Enregistre l\u2019acceptation de l\u2019utilisation des cookies<\/td>\n<td>1 an<\/td>\n<td>Prix AEPEV<\/td>\n    <\/tr>\n  <\/tbody>\n<\/table>\n\n<h2>5. Responsable du traitement<\/h2>\n<p>\n  <strong>Asociaci\u00f3n Espa\u00f1ola de Periodistas y Escritores del Vino (AEPEV)<\/strong><br>CIF: G85199990<br>Domicile: M\u00e1rtires Concepcionistas 19, 28006 MADRID \u00b7 Espa\u00f1a<br>Email de contact: <a href=\"mailto:secretario@aepev.es\">secretario@aepev.es<\/a><br>Web: <a href=\"https:\/\/premiosaepev.es\/fr\/\" target=\"_blank\">www.premiosaepev.es<\/a>\n<\/p>\n\n<h2>6. Changements dans cette politique<\/h2>\n<p>Nous pourrons mettre \u00e0 jour la pr\u00e9sente Politique de Cookies \u00e0 tout moment afin de l\u2019adapter aux \u00e9volutions l\u00e9gislatives ou \u00e0 la configuration des services propos\u00e9s. Nous vous recommandons de la consulter r\u00e9guli\u00e8rement. <\/p>\n\t\t\t\t\t\t\t\t<\/div>\n\t\t\t\t<\/div>\n\t\t\t\t<\/div>\n\t\t\t\t\t<\/div>\n\t\t\t\t<\/div>\n\t\t\t\t<\/div>\n\t\t","protected":false},"excerpt":{"rendered":"<p>Politique de cookies Politique de cookies Derni\u00e8re actualisation: 17 juillet 2025 Conform\u00e9ment au devoir d\u2019information pr\u00e9vu \u00e0 l\u2019article 22.2 de la Loi 34\/2002 sur les Services de la Soci\u00e9t\u00e9 de l\u2019Information et du Commerce \u00c9lectronique (LSSI-CE), les utilisateurs du site web www.premiosaepev.es sont inform\u00e9s de l\u2019utilisation de cookies. 1. Que sont les cookies? Les cookies [&hellip;]<\/p>\n","protected":false},"author":47,"featured_media":0,"parent":0,"menu_order":0,"comment_status":"closed","ping_status":"closed","template":"","meta":{"site-sidebar-layout":"no-sidebar","site-content-layout":"page-builder","ast-site-content-layout":"default","site-content-style":"unboxed","site-sidebar-style":"unboxed","ast-global-header-display":"","ast-banner-title-visibility":"","ast-main-header-display":"","ast-hfb-above-header-display":"","ast-hfb-below-header-display":"","ast-hfb-mobile-header-display":"","site-post-title":"disabled","ast-breadcrumbs-content":"","ast-featured-img":"disabled","footer-sml-layout":"","ast-disable-related-posts":"","theme-transparent-header-meta":"enabled","adv-header-id-meta":"","stick-header-meta":"","header-above-stick-meta":"","header-main-stick-meta":"","header-below-stick-meta":"","astra-migrate-meta-layouts":"default","ast-page-background-enabled":"default","ast-page-background-meta":{"desktop":{"background-color":"","background-image":"","background-repeat":"repeat","background-position":"center center","background-size":"auto","background-attachment":"scroll","background-type":"","background-media":"","overlay-type":"","overlay-color":"","overlay-opacity":"","overlay-gradient":""},"tablet":{"background-color":"","background-image":"","background-repeat":"repeat","background-position":"center center","background-size":"auto","background-attachment":"scroll","background-type":"","background-media":"","overlay-type":"","overlay-color":"","overlay-opacity":"","overlay-gradient":""},"mobile":{"background-color":"","background-image":"","background-repeat":"repeat","background-position":"center center","background-size":"auto","background-attachment":"scroll","background-type":"","background-media":"","overlay-type":"","overlay-color":"","overlay-opacity":"","overlay-gradient":""}},"ast-content-background-meta":{"desktop":{"background-color":"var(--ast-global-color-5)","background-image":"","background-repeat":"repeat","background-position":"center center","background-size":"auto","background-attachment":"scroll","background-type":"","background-media":"","overlay-type":"","overlay-color":"","overlay-opacity":"","overlay-gradient":""},"tablet":{"background-color":"var(--ast-global-color-5)","background-image":"","background-repeat":"repeat","background-position":"center center","background-size":"auto","background-attachment":"scroll","background-type":"","background-media":"","overlay-type":"","overlay-color":"","overlay-opacity":"","overlay-gradient":""},"mobile":{"background-color":"var(--ast-global-color-5)","background-image":"","background-repeat":"repeat","background-position":"center center","background-size":"auto","background-attachment":"scroll","background-type":"","background-media":"","overlay-type":"","overlay-color":"","overlay-opacity":"","overlay-gradient":""}},"footnotes":""},"class_list":["post-6714","page","type-page","status-publish","hentry"],"yoast_head":"<!-- This site is optimized with the Yoast SEO Premium plugin v25.5 (Yoast SEO v27.5) - https:\/\/yoast.com\/product\/yoast-seo-premium-wordpress\/ -->\n<title>Politique de cookies - Premios AEPEV<\/title>\n<meta name=\"robots\" content=\"index, follow, max-snippet:-1, max-image-preview:large, max-video-preview:-1\" \/>\n<link rel=\"canonical\" href=\"https:\/\/premiosaepev.es\/fr\/politique-de-cookies\/\" \/>\n<meta property=\"og:locale\" content=\"fr_FR\" \/>\n<meta property=\"og:type\" content=\"article\" \/>\n<meta property=\"og:title\" content=\"Politique de cookies\" \/>\n<meta property=\"og:description\" content=\"Politique de cookies Politique de cookies Derni\u00e8re actualisation: 17 juillet 2025 Conform\u00e9ment au devoir d\u2019information pr\u00e9vu \u00e0 l\u2019article 22.2 de la Loi 34\/2002 sur les Services de la Soci\u00e9t\u00e9 de l\u2019Information et du Commerce \u00c9lectronique (LSSI-CE), les utilisateurs du site web www.premiosaepev.es sont inform\u00e9s de l\u2019utilisation de cookies. 1. Que sont les cookies? Les cookies [&hellip;]\" \/>\n<meta property=\"og:url\" content=\"https:\/\/premiosaepev.es\/fr\/politique-de-cookies\/\" \/>\n<meta property=\"og:site_name\" content=\"Premios AEPEV\" \/>\n<meta property=\"article:modified_time\" content=\"2025-09-28T10:52:18+00:00\" \/>\n<meta name=\"twitter:card\" content=\"summary_large_image\" \/>\n<meta name=\"twitter:label1\" content=\"Dur\u00e9e de lecture estim\u00e9e\" \/>\n\t<meta name=\"twitter:data1\" content=\"2 minutes\" \/>\n<script type=\"application\/ld+json\" class=\"yoast-schema-graph\">{\"@context\":\"https:\\\/\\\/schema.org\",\"@graph\":[{\"@type\":\"WebPage\",\"@id\":\"https:\\\/\\\/premiosaepev.es\\\/fr\\\/politique-de-cookies\\\/\",\"url\":\"https:\\\/\\\/premiosaepev.es\\\/fr\\\/politique-de-cookies\\\/\",\"name\":\"Politique de cookies - Premios AEPEV\",\"isPartOf\":{\"@id\":\"https:\\\/\\\/premiosaepev.es\\\/fr\\\/#website\"},\"datePublished\":\"2025-07-17T08:29:57+00:00\",\"dateModified\":\"2025-09-28T10:52:18+00:00\",\"breadcrumb\":{\"@id\":\"https:\\\/\\\/premiosaepev.es\\\/fr\\\/politique-de-cookies\\\/#breadcrumb\"},\"inLanguage\":\"fr-FR\",\"potentialAction\":[{\"@type\":\"ReadAction\",\"target\":[\"https:\\\/\\\/premiosaepev.es\\\/fr\\\/politique-de-cookies\\\/\"]}]},{\"@type\":\"BreadcrumbList\",\"@id\":\"https:\\\/\\\/premiosaepev.es\\\/fr\\\/politique-de-cookies\\\/#breadcrumb\",\"itemListElement\":[{\"@type\":\"ListItem\",\"position\":1,\"name\":\"Portada\",\"item\":\"https:\\\/\\\/premiosaepev.es\\\/fr\\\/accueil\\\/\"},{\"@type\":\"ListItem\",\"position\":2,\"name\":\"Politique de cookies\"}]},{\"@type\":\"WebSite\",\"@id\":\"https:\\\/\\\/premiosaepev.es\\\/fr\\\/#website\",\"url\":\"https:\\\/\\\/premiosaepev.es\\\/fr\\\/\",\"name\":\"Premios AEPEV\",\"description\":\"Premios AEPEV\",\"potentialAction\":[{\"@type\":\"SearchAction\",\"target\":{\"@type\":\"EntryPoint\",\"urlTemplate\":\"https:\\\/\\\/premiosaepev.es\\\/fr\\\/?s={search_term_string}\"},\"query-input\":{\"@type\":\"PropertyValueSpecification\",\"valueRequired\":true,\"valueName\":\"search_term_string\"}}],\"inLanguage\":\"fr-FR\"}]}<\/script>\n<!-- \/ Yoast SEO Premium plugin. -->","yoast_head_json":{"title":"Politique de cookies - Premios AEPEV","robots":{"index":"index","follow":"follow","max-snippet":"max-snippet:-1","max-image-preview":"max-image-preview:large","max-video-preview":"max-video-preview:-1"},"canonical":"https:\/\/premiosaepev.es\/fr\/politique-de-cookies\/","og_locale":"fr_FR","og_type":"article","og_title":"Politique de cookies","og_description":"Politique de cookies Politique de cookies Derni\u00e8re actualisation: 17 juillet 2025 Conform\u00e9ment au devoir d\u2019information pr\u00e9vu \u00e0 l\u2019article 22.2 de la Loi 34\/2002 sur les Services de la Soci\u00e9t\u00e9 de l\u2019Information et du Commerce \u00c9lectronique (LSSI-CE), les utilisateurs du site web www.premiosaepev.es sont inform\u00e9s de l\u2019utilisation de cookies. 1. Que sont les cookies? Les cookies [&hellip;]","og_url":"https:\/\/premiosaepev.es\/fr\/politique-de-cookies\/","og_site_name":"Premios AEPEV","article_modified_time":"2025-09-28T10:52:18+00:00","twitter_card":"summary_large_image","twitter_misc":{"Dur\u00e9e de lecture estim\u00e9e":"2 minutes"},"schema":{"@context":"https:\/\/schema.org","@graph":[{"@type":"WebPage","@id":"https:\/\/premiosaepev.es\/fr\/politique-de-cookies\/","url":"https:\/\/premiosaepev.es\/fr\/politique-de-cookies\/","name":"Politique de cookies - Premios AEPEV","isPartOf":{"@id":"https:\/\/premiosaepev.es\/fr\/#website"},"datePublished":"2025-07-17T08:29:57+00:00","dateModified":"2025-09-28T10:52:18+00:00","breadcrumb":{"@id":"https:\/\/premiosaepev.es\/fr\/politique-de-cookies\/#breadcrumb"},"inLanguage":"fr-FR","potentialAction":[{"@type":"ReadAction","target":["https:\/\/premiosaepev.es\/fr\/politique-de-cookies\/"]}]},{"@type":"BreadcrumbList","@id":"https:\/\/premiosaepev.es\/fr\/politique-de-cookies\/#breadcrumb","itemListElement":[{"@type":"ListItem","position":1,"name":"Portada","item":"https:\/\/premiosaepev.es\/fr\/accueil\/"},{"@type":"ListItem","position":2,"name":"Politique de cookies"}]},{"@type":"WebSite","@id":"https:\/\/premiosaepev.es\/fr\/#website","url":"https:\/\/premiosaepev.es\/fr\/","name":"Premios AEPEV","description":"Premios AEPEV","potentialAction":[{"@type":"SearchAction","target":{"@type":"EntryPoint","urlTemplate":"https:\/\/premiosaepev.es\/fr\/?s={search_term_string}"},"query-input":{"@type":"PropertyValueSpecification","valueRequired":true,"valueName":"search_term_string"}}],"inLanguage":"fr-FR"}]}},"jetpack_sharing_enabled":true,"_links":{"self":[{"href":"https:\/\/premiosaepev.es\/fr\/wp-json\/wp\/v2\/pages\/6714","targetHints":{"allow":["GET"]}}],"collection":[{"href":"https:\/\/premiosaepev.es\/fr\/wp-json\/wp\/v2\/pages"}],"about":[{"href":"https:\/\/premiosaepev.es\/fr\/wp-json\/wp\/v2\/types\/page"}],"author":[{"embeddable":true,"href":"https:\/\/premiosaepev.es\/fr\/wp-json\/wp\/v2\/users\/47"}],"replies":[{"embeddable":true,"href":"https:\/\/premiosaepev.es\/fr\/wp-json\/wp\/v2\/comments?post=6714"}],"version-history":[{"count":1,"href":"https:\/\/premiosaepev.es\/fr\/wp-json\/wp\/v2\/pages\/6714\/revisions"}],"predecessor-version":[{"id":6715,"href":"https:\/\/premiosaepev.es\/fr\/wp-json\/wp\/v2\/pages\/6714\/revisions\/6715"}],"wp:attachment":[{"href":"https:\/\/premiosaepev.es\/fr\/wp-json\/wp\/v2\/media?parent=6714"}],"curies":[{"name":"wp","href":"https:\/\/api.w.org\/{rel}","templated":true}]}}